{"id":148,"date":"2025-12-29T21:05:08","date_gmt":"2025-12-29T21:05:08","guid":{"rendered":"https:\/\/elysiagallery.com\/?page_id=148"},"modified":"2025-12-30T16:09:56","modified_gmt":"2025-12-30T16:09:56","slug":"nard-kwast","status":"publish","type":"page","link":"https:\/\/elysiagallery.com\/index.php\/nard-kwast\/","title":{"rendered":"Nard Kwast"},"content":{"rendered":"\n<div class=\"wp-block-media-text is-stacked-on-mobile\"><figure class=\"wp-block-media-text__media\"><img loading=\"lazy\" decoding=\"async\" width=\"576\" height=\"1024\" src=\"http:\/\/elysiagallery.com\/wp-content\/uploads\/2025\/12\/Nard-Kwast-BN-Photo-bio-576x1024.jpg\" alt=\"Nard Kwast - Elysia gallery - The Muisca gallery\" class=\"wp-image-100 size-full\" srcset=\"https:\/\/elysiagallery.com\/wp-content\/uploads\/2025\/12\/Nard-Kwast-BN-Photo-bio-576x1024.jpg 576w, https:\/\/elysiagallery.com\/wp-content\/uploads\/2025\/12\/Nard-Kwast-BN-Photo-bio-169x300.jpg 169w, https:\/\/elysiagallery.com\/wp-content\/uploads\/2025\/12\/Nard-Kwast-BN-Photo-bio-768x1365.jpg 768w, https:\/\/elysiagallery.com\/wp-content\/uploads\/2025\/12\/Nard-Kwast-BN-Photo-bio-864x1536.jpg 864w, https:\/\/elysiagallery.com\/wp-content\/uploads\/2025\/12\/Nard-Kwast-BN-Photo-bio-600x1067.jpg 600w, https:\/\/elysiagallery.com\/wp-content\/uploads\/2025\/12\/Nard-Kwast-BN-Photo-bio.jpg 1080w\" sizes=\"auto, (max-width: 576px) 100vw, 576px\" \/><\/figure><div class=\"wp-block-media-text__content\">\n<p style=\"padding-top:var(--wp--preset--spacing--30);padding-bottom:var(--wp--preset--spacing--30)\">Nard Kwast (1973) est n\u00e9 et a grandi dans le nord des Pays-Bas.<\/p>\n\n\n\n<p>Il vit et travaille aux Pays-Bas et en Belgique. Son talent pour le dessin s&#8217;est r\u00e9v\u00e9l\u00e9 d\u00e8s son plus jeune \u00e2ge et, adolescent, il s&#8217;est passionn\u00e9 pour les ma\u00eetres du XVIIe si\u00e8cle. C&#8217;est par pure passion que Nard a d\u00e9cid\u00e9 de prendre des cours particuliers et d&#8217;apprendre par lui-m\u00eame les techniques de la peinture classique.<\/p>\n\n\n\n<p>Ces derni\u00e8res d\u00e9cennies, il a cr\u00e9\u00e9 un style inimitable, inspir\u00e9 des ma\u00eetres du XVIIe si\u00e8cle, qu&#8217;il continue de perfectionner. Il se forme continuellement et aime transmettre son savoir en animant des masterclasses.<\/p>\n\n\n\n<p>Nard est un artiste tr\u00e8s recherch\u00e9 de notre \u00e9poque, dont le savoir se caract\u00e9rise par une grande compr\u00e9hension de la peinture et des m\u00e9tiers d&#8217;art classiques.<\/p>\n\n\n\n<p>Nard est connu pour ses participations aux \u00e9missions de t\u00e9l\u00e9vision n\u00e9erlandaises \u00ab Project Rembrandt \u00bb, o\u00f9 il a \u00e9t\u00e9 finaliste, et \u00ab Het Geheim van de Meester \u00bb (Le Secret du Ma\u00eetre), o\u00f9 il a contribu\u00e9 \u00e0 la reconstitution grandeur nature de La Ronde de nuit au Rijksmuseum. Il a \u00e9galement remport\u00e9 l&#8217;\u00e9mission \u00ab De Nieuwe Vermeer \u00bb, o\u00f9 il a redonn\u00e9 vie \u00e0 un tableau disparu de Vermeer. Son <a href=\"https:\/\/www.nytimes.com\/2023\/02\/23\/arts\/design\/the-new-vermeer-tv-show.html?unlocked_article_code=rmd6JVKmZdlRbCT9KNLmFEsdA0ScCBsYKKJPS9cXPqyW7F0kxMpdCXItXtnRQLq_48aqc6Wpf7yR1RM6eZ_EjNXwQ-I2seb0hDbSuIDI7M3vDsS_IpIq4iJeND-qi4l6pJF2TaCQdJQGcYvcLnMmTbQMhQiBIrNz2IOiYoC2b3dqnCt1wZd6dNTeXzoftaiUxa7V5jhqeqdP4Xy9L39n0WTFDwCvOuBiaiU0Hrzmi5rOg1rcpIm-JK179wf28i7O8yNaaBjlWZxLoGXd9id9EJjBz5yo_-mjj1E6VNM6R2ubBlKxHwcnlmHI1xyMyJ_SoN6fzDOIrdwGQ6hfTKeLObMb6o14&amp;smid=nytcore-ios-share&amp;referringSource=articleShare\" target=\"_blank\" rel=\"noreferrer noopener\">interview date de 2023.<\/a> avec le <em>New York Times.<\/em><\/p>\n\n\n\n<p>Nard a \u00e9galement remport\u00e9 le \u00ab Prix de la technique exceptionnelle \u00bb lors de l&#8217;exposition de 2024 au club Salmagundi de New York, dans le cadre du concours international de peinture de figures.<\/p>\n\n\n\n<p>On retrouve ses \u0153uvres dans des collections priv\u00e9es du monde entier.<\/p>\n<\/div><\/div>\n\n\n\n<div style=\"height:40px\" aria-hidden=\"true\" class=\"wp-block-spacer\"><\/div>\n\n\n\n<div class=\"wp-block-columns alignwide are-vertically-aligned-top is-layout-flex wp-container-core-columns-is-layout-28f84493 wp-block-columns-is-layout-flex\">\n<div class=\"wp-block-column is-vertically-aligned-top is-layout-flow wp-block-column-is-layout-flow\" style=\"flex-basis:50%\">\n<h2 class=\"wp-block-heading has-text-align-center has-xx-large-font-size\">Online Portfolio <\/h2>\n<\/div>\n\n\n\n<div class=\"wp-block-column is-vertically-aligned-top is-layout-flow wp-block-column-is-layout-flow\" style=\"flex-basis:50%\">\n<p>Download Nard Kwast Portfolio<\/p>\n\n\n\n<div class=\"wp-block-buttons is-layout-flex wp-block-buttons-is-layout-flex\">\n<div class=\"wp-block-button\"><a class=\"wp-block-button__link wp-element-button\" href=\"https:\/\/elysiagallery.com\/wp-content\/uploads\/2025\/12\/CATALOGUE-EXPOSITION_NARD-KWAST_MARS-2026_EN.pdf\">Download portfolio<\/a><\/div>\n<\/div>\n<\/div>\n<\/div>\n\n\n\n<div class=\"wp-block-columns alignwide are-vertically-aligned-top is-layout-flex wp-container-core-columns-is-layout-28f84493 wp-block-columns-is-layout-flex\">\n<div class=\"wp-block-column is-vertically-aligned-top is-layout-flow wp-block-column-is-layout-flow\" style=\"flex-basis:50%\">\n<h2 class=\"wp-block-heading has-text-align-center has-xx-large-font-size\">Visit Nard Kwast Website<\/h2>\n<\/div>\n\n\n\n<div class=\"wp-block-column is-vertically-aligned-top is-layout-flow wp-block-column-is-layout-flow\" style=\"flex-basis:50%\">\n<p>Digital Portfolio at  website<\/p>\n\n\n\n<div class=\"wp-block-buttons is-layout-flex wp-block-buttons-is-layout-flex\">\n<div class=\"wp-block-button\"><a class=\"wp-block-button__link wp-element-button\" href=\"https:\/\/www.nardkwast.com\/\">Go to Nard Kwast website<\/a><\/div>\n<\/div>\n<\/div>\n<\/div>\n\n\n\n<div class=\"wp-block-columns alignwide are-vertically-aligned-top is-layout-flex wp-container-core-columns-is-layout-28f84493 wp-block-columns-is-layout-flex\">\n<div class=\"wp-block-column is-vertically-aligned-top is-layout-flow wp-block-column-is-layout-flow\" style=\"flex-basis:50%\">\n<h2 class=\"wp-block-heading has-text-align-center has-xx-large-font-size\">Nard Kwast Video<\/h2>\n<\/div>\n\n\n\n<div class=\"wp-block-column is-vertically-aligned-top is-layout-flow wp-block-column-is-layout-flow\" style=\"flex-basis:50%\">\n<p>About Nard&#8217;s technique<\/p>\n\n\n\n<div class=\"wp-block-buttons is-layout-flex wp-block-buttons-is-layout-flex\">\n<div class=\"wp-block-button\"><a class=\"wp-block-button__link wp-element-button\" href=\"https:\/\/youtu.be\/Yb6HDQEkSCQ\">Go to Nard Kwast video<\/a><\/div>\n<\/div>\n<\/div>\n<\/div>\n\n\n\n<figure class=\"wp-block-image aligncenter size-full is-resized\"><a href=\"https:\/\/elysiagallery.com\/index.php\/product\/170\/\"><img loading=\"lazy\" decoding=\"async\" width=\"542\" height=\"461\" src=\"https:\/\/elysiagallery.com\/wp-content\/uploads\/2025\/12\/Nard_Kwast-removebg.png\" alt=\"Jakob Rembrand reconstruction painting from Nard Kwast - Elysia Gallery - The Muisca Gallery\" class=\"wp-image-151\" style=\"width:600px\" srcset=\"https:\/\/elysiagallery.com\/wp-content\/uploads\/2025\/12\/Nard_Kwast-removebg.png 542w, https:\/\/elysiagallery.com\/wp-content\/uploads\/2025\/12\/Nard_Kwast-removebg-300x255.png 300w\" sizes=\"auto, (max-width: 542px) 100vw, 542px\" \/><\/a><\/figure>\n\n\n\n<div class=\"wp-block-buttons is-content-justification-center is-layout-flex wp-container-core-buttons-is-layout-a89b3969 wp-block-buttons-is-layout-flex\">\n<div class=\"wp-block-button\"><a class=\"wp-block-button__link wp-element-button\" href=\"https:\/\/elysiagallery.com\/index.php\/artists\/\">Back to artist<\/a><\/div>\n<\/div>\n","protected":false},"excerpt":{"rendered":"<p>Nard Kwast (1973) est n\u00e9 et a grandi dans le nord des Pays-Bas. Il vit et travaille aux Pays-Bas et en Belgique. Son talent pour le dessin s&#8217;est r\u00e9v\u00e9l\u00e9 d\u00e8s son plus jeune \u00e2ge et, adolescent, il s&#8217;est passionn\u00e9 pour les ma\u00eetres du XVIIe si\u00e8cle. C&#8217;est par pure passion que Nard a d\u00e9cid\u00e9 de prendre [&hellip;]<\/p>\n","protected":false},"author":1,"featured_media":100,"parent":0,"menu_order":0,"comment_status":"closed","ping_status":"closed","template":"full-width","meta":{"footnotes":""},"class_list":["post-148","page","type-page","status-publish","has-post-thumbnail","hentry"],"_links":{"self":[{"href":"https:\/\/elysiagallery.com\/index.php\/wp-json\/wp\/v2\/pages\/148","targetHints":{"allow":["GET"]}}],"collection":[{"href":"https:\/\/elysiagallery.com\/index.php\/wp-json\/wp\/v2\/pages"}],"about":[{"href":"https:\/\/elysiagallery.com\/index.php\/wp-json\/wp\/v2\/types\/page"}],"author":[{"embeddable":true,"href":"https:\/\/elysiagallery.com\/index.php\/wp-json\/wp\/v2\/users\/1"}],"replies":[{"embeddable":true,"href":"https:\/\/elysiagallery.com\/index.php\/wp-json\/wp\/v2\/comments?post=148"}],"version-history":[{"count":11,"href":"https:\/\/elysiagallery.com\/index.php\/wp-json\/wp\/v2\/pages\/148\/revisions"}],"predecessor-version":[{"id":232,"href":"https:\/\/elysiagallery.com\/index.php\/wp-json\/wp\/v2\/pages\/148\/revisions\/232"}],"wp:featuredmedia":[{"embeddable":true,"href":"https:\/\/elysiagallery.com\/index.php\/wp-json\/wp\/v2\/media\/100"}],"wp:attachment":[{"href":"https:\/\/elysiagallery.com\/index.php\/wp-json\/wp\/v2\/media?parent=148"}],"curies":[{"name":"wp","href":"https:\/\/api.w.org\/{rel}","templated":true}]}}